{"id":1126,"date":"2024-06-11T15:35:05","date_gmt":"2024-06-11T15:35:05","guid":{"rendered":"https:\/\/www.fendt-elektrotechnik.de\/?page_id=1126"},"modified":"2025-12-16T11:25:25","modified_gmt":"2025-12-16T11:25:25","slug":"impressum","status":"publish","type":"page","link":"https:\/\/www.fendt-elektrotechnik.de\/index.php\/impressum\/","title":{"rendered":"Impressum"},"content":{"rendered":"\t\t<div data-elementor-type=\"wp-page\" data-elementor-id=\"1126\" class=\"elementor elementor-1126\">\n\t\t\t\t<div class=\"elementor-element elementor-element-7a4a0d39 e-flex e-con-boxed e-con e-parent\" data-id=\"7a4a0d39\" data-element_type=\"container\" data-e-type=\"container\">\n\t\t\t\t\t<div class=\"e-con-inner\">\n\t\t\t\t<div class=\"elementor-element elementor-element-6b116e41 elementor-widget elementor-widget-text-editor\" data-id=\"6b116e41\" data-element_type=\"widget\" data-e-type=\"widget\" data-widget_type=\"text-editor.default\">\n\t\t\t\t<div class=\"elementor-widget-container\">\n\t\t\t\t\t\t\t\t\t<h2>Impressum<\/h2><p><strong>Angaben gem\u00e4\u00df \u00a7 5 TMG<\/strong><\/p><p><strong>Fendt Elektrotechnik GmbH<\/strong><br \/>Mayerweg 11a<br \/>86399 Bobingen<br \/>Deutschland<\/p><p><strong>Vertreten durch:<\/strong><br \/>Harald Fendt<\/p><p><strong>Kontakt:<\/strong><br \/>Telefon:<\/p><p>+49 (0) 8234 \/ 966 766-0<\/p><p>E-Mail:\u00a0<\/p><p>service@fendt-elektrotechnik.de<\/p><hr \/><h3>Registereintrag<\/h3><p>Eintragung im Handelsregister<br \/>Registergericht: Amtsgericht Augsburg<br \/>Registernummer: <strong>HRB 26712<\/strong><\/p><hr \/><h3>Steuerangaben<\/h3><p><strong>Steuernummer:<\/strong> 102\/126\/3022<\/p><hr \/><h3>Verantwortlich f\u00fcr den Inhalt nach \u00a7 55 Abs. 2 RStV<\/h3><p>Fendt Elektrotechnik GmbH<br \/>Mayerweg 11a<br \/>86399 Bobingen<\/p><hr \/><h3>Haftung f\u00fcr Inhalte<\/h3><p>Als Diensteanbieter sind wir gem\u00e4\u00df \u00a7 7 Abs. 1 TMG f\u00fcr eigene Inhalte auf diesen Seiten nach den allgemeinen Gesetzen verantwortlich.<br \/>Nach \u00a7\u00a7 8 bis 10 TMG sind wir jedoch nicht verpflichtet, \u00fcbermittelte oder gespeicherte fremde Informationen zu \u00fcberwachen oder nach Umst\u00e4nden zu forschen, die auf eine rechtswidrige T\u00e4tigkeit hinweisen.<\/p><hr \/><h3>Haftung f\u00fcr Links<\/h3><p>Diese Website enth\u00e4lt ggf. Links zu externen Websites Dritter, auf deren Inhalte wir keinen Einfluss haben.<br \/>F\u00fcr die Inhalte der verlinkten Seiten ist stets der jeweilige Anbieter oder Betreiber der Seiten verantwortlich.<\/p><hr \/><h3>Urheberrecht<\/h3><p>Die durch die Seitenbetreiber erstellten Inhalte und Werke auf diesen Seiten unterliegen dem deutschen Urheberrecht.<br \/>Die Vervielf\u00e4ltigung, Bearbeitung oder Verbreitung bedarf der schriftlichen Zustimmung des jeweiligen Autors.<\/p><hr \/><h3>Datenschutz<\/h3><p>Informationen zum Datenschutz finden Sie unter folgendem Link:<br \/>\ud83d\udc49 <strong><a href=\"https:\/\/www.fendt-elektrotechnik.de\/index.php\/privacy-policy-2\/\">https:\/\/www.fendt-elektrotechnik.de\/index.php\/privacy-policy-2\/<\/a><\/strong><\/p><p>Pflichtinformation nach EU-Verordnung Nr. 524\/2013 des Europ\u00e4ischen Parlaments und Rats: Plattform zur Online-Beilegung verbraucherrechtlicher Streitigkeiten (ODR) der Europ\u00e4ischen Kommission: http:\/\/ec.europa.eu\/consumers\/odr\/<\/p><p><strong>Redaktion:<\/strong><\/p><p>Harald Fendt<\/p><p>und<\/p><p>Tante Emma Business Agency<\/p><p>37019 Peschiera del Garda | Italien<\/p><p>lauradellangelo@tanteemmaonline.shop <a href=\"http:\/\/www.tanteemmaagency.com\">www.tanteemmaagency.com<\/a><\/p><p>Haftungsausschluss<\/p><p>Die Fendt-Elektrotechnik GmbH bem\u00fcht sich, nach bestem Verm\u00f6gen daf\u00fcr Sorge zu tragen, dass die in diesem Internetauftritt enthaltenen Informationen zutreffend sind. Eine Haftung oder Garantie f\u00fcr die Aktualit\u00e4t, Richtigkeit und Vollst\u00e4ndigkeit der zur Verf\u00fcgung gestellten Informationen ist jedoch ausgeschlossen. Ferner ist die Fendt Elektrotechnik GmbH f\u00fcr den Inhalt der \u00fcber Hyperlink extern verbundenen Internetauftritte nicht verantwortlich. Die Fendt Elektrotechnik GmbH beh\u00e4lt sich vor, ohne Ank\u00fcndigung, \u00c4nderungen oder Erg\u00e4nzungen der bereitgestellten Informationen vorzunehmen. Inhaber der Verarbeitung der pers\u00f6nlichen Daten Verantwortlich f\u00fcr die Verarbeitung personenbezogener Daten, die bei Website-Zugriff und -Benutzung erhoben und verarbeitet werden, ist die Fendt Elektrotechnik GmbH.<\/p><p>Ansprechpartner f\u00fcr den Datenschutz ist Harald Fendt.<\/p><p>Detaillierte Informationen \u00fcber die Modalit\u00e4ten der Verwaltung der Website in Bezug auf die Verarbeitung der pers\u00f6nlichen Daten derjenigen, die diese Website konsultieren, finden Sie unter dem Punkt Datenschutz.<\/p><p>Bildquellen<\/p><p><a href=\"http:\/\/www.tanteemmaagency.com\">Tante Emma Business Agency,<\/a> Emily Giannini<\/p><p>\u00a9 Fendt Elektrotechnik GmbH 2025 &#8211;<\/p><p>Alle Rechte vorbehalten.<\/p><p><!-- \/wp:html --><\/p>\t\t\t\t\t\t\t\t<\/div>\n\t\t\t\t<\/div>\n\t\t\t\t\t<\/div>\n\t\t\t\t<\/div>\n\t\t\t\t<\/div>\n\t\t","protected":false},"excerpt":{"rendered":"<p>Impressum Angaben gem\u00e4\u00df \u00a7 5 TMG Fendt Elektrotechnik GmbHMayerweg 11a86399 BobingenDeutschland Vertreten durch:Harald Fendt Kontakt:Telefon: +49 (0) 8234 \/ 966 766-0 E-Mail:\u00a0 service@fendt-elektrotechnik.de Registereintrag Eintragung im HandelsregisterRegistergericht: Amtsgericht AugsburgRegisternummer: HRB 26712 Steuerangaben Steuernummer: 102\/126\/3022 Verantwortlich f\u00fcr den Inhalt nach \u00a7 55 Abs. 2 RStV Fendt Elektrotechnik GmbHMayerweg 11a86399 Bobingen Haftung f\u00fcr Inhalte Als Diensteanbieter sind [&hellip;]<\/p>\n","protected":false},"author":2,"featured_media":0,"parent":0,"menu_order":0,"comment_status":"closed","ping_status":"closed","template":"","meta":{"site-sidebar-layout":"default","site-content-layout":"","ast-site-content-layout":"default","site-content-style":"default","site-sidebar-style":"default","ast-global-header-display":"","ast-banner-title-visibility":"","ast-main-header-display":"","ast-hfb-above-header-display":"","ast-hfb-below-header-display":"","ast-hfb-mobile-header-display":"","site-post-title":"","ast-breadcrumbs-content":"","ast-featured-img":"","footer-sml-layout":"","ast-disable-related-posts":"","theme-transparent-header-meta":"","adv-header-id-meta":"","stick-header-meta":"","header-above-stick-meta":"","header-main-stick-meta":"","header-below-stick-meta":"","astra-migrate-meta-layouts":"default","ast-page-background-enabled":"default","ast-page-background-meta":{"desktop":{"background-color":"var(--ast-global-color-4)","background-image":"","background-repeat":"repeat","background-position":"center center","background-size":"auto","background-attachment":"scroll","background-type":"","background-media":"","overlay-type":"","overlay-color":"","overlay-opacity":"","overlay-gradient":""},"tablet":{"background-color":"","background-image":"","background-repeat":"repeat","background-position":"center center","background-size":"auto","background-attachment":"scroll","background-type":"","background-media":"","overlay-type":"","overlay-color":"","overlay-opacity":"","overlay-gradient":""},"mobile":{"background-color":"","background-image":"","background-repeat":"repeat","background-position":"center center","background-size":"auto","background-attachment":"scroll","background-type":"","background-media":"","overlay-type":"","overlay-color":"","overlay-opacity":"","overlay-gradient":""}},"ast-content-background-meta":{"desktop":{"background-color":"var(--ast-global-color-5)","background-image":"","background-repeat":"repeat","background-position":"center center","background-size":"auto","background-attachment":"scroll","background-type":"","background-media":"","overlay-type":"","overlay-color":"","overlay-opacity":"","overlay-gradient":""},"tablet":{"background-color":"var(--ast-global-color-5)","background-image":"","background-repeat":"repeat","background-position":"center center","background-size":"auto","background-attachment":"scroll","background-type":"","background-media":"","overlay-type":"","overlay-color":"","overlay-opacity":"","overlay-gradient":""},"mobile":{"background-color":"var(--ast-global-color-5)","background-image":"","background-repeat":"repeat","background-position":"center center","background-size":"auto","background-attachment":"scroll","background-type":"","background-media":"","overlay-type":"","overlay-color":"","overlay-opacity":"","overlay-gradient":""}},"footnotes":""},"class_list":["post-1126","page","type-page","status-publish","hentry"],"yoast_head":"<!-- This site is optimized with the Yoast SEO plugin v27.1.1 - https:\/\/yoast.com\/product\/yoast-seo-wordpress\/ -->\n<title>Impressum - Fendt<\/title>\n<meta name=\"robots\" content=\"index, follow, max-snippet:-1, max-image-preview:large, max-video-preview:-1\" \/>\n<link rel=\"canonical\" href=\"https:\/\/www.fendt-elektrotechnik.de\/index.php\/impressum\/\" \/>\n<meta property=\"og:locale\" content=\"it_IT\" \/>\n<meta property=\"og:type\" content=\"article\" \/>\n<meta property=\"og:title\" content=\"Impressum - Fendt\" \/>\n<meta property=\"og:description\" content=\"Impressum Angaben gem\u00e4\u00df \u00a7 5 TMG Fendt Elektrotechnik GmbHMayerweg 11a86399 BobingenDeutschland Vertreten durch:Harald Fendt Kontakt:Telefon: +49 (0) 8234 \/ 966 766-0 E-Mail:\u00a0 service@fendt-elektrotechnik.de Registereintrag Eintragung im HandelsregisterRegistergericht: Amtsgericht AugsburgRegisternummer: HRB 26712 Steuerangaben Steuernummer: 102\/126\/3022 Verantwortlich f\u00fcr den Inhalt nach \u00a7 55 Abs. 2 RStV Fendt Elektrotechnik GmbHMayerweg 11a86399 Bobingen Haftung f\u00fcr Inhalte Als Diensteanbieter sind [&hellip;]\" \/>\n<meta property=\"og:url\" content=\"https:\/\/www.fendt-elektrotechnik.de\/index.php\/impressum\/\" \/>\n<meta property=\"og:site_name\" content=\"Fendt\" \/>\n<meta property=\"article:modified_time\" content=\"2025-12-16T11:25:25+00:00\" \/>\n<meta name=\"twitter:card\" content=\"summary_large_image\" \/>\n<meta name=\"twitter:label1\" content=\"Tempo di lettura stimato\" \/>\n\t<meta name=\"twitter:data1\" content=\"2 minuti\" \/>\n<script type=\"application\/ld+json\" class=\"yoast-schema-graph\">{\"@context\":\"https:\/\/schema.org\",\"@graph\":[{\"@type\":\"WebPage\",\"@id\":\"https:\/\/www.fendt-elektrotechnik.de\/index.php\/impressum\/\",\"url\":\"https:\/\/www.fendt-elektrotechnik.de\/index.php\/impressum\/\",\"name\":\"Impressum - Fendt\",\"isPartOf\":{\"@id\":\"https:\/\/www.fendt-elektrotechnik.de\/#website\"},\"datePublished\":\"2024-06-11T15:35:05+00:00\",\"dateModified\":\"2025-12-16T11:25:25+00:00\",\"breadcrumb\":{\"@id\":\"https:\/\/www.fendt-elektrotechnik.de\/index.php\/impressum\/#breadcrumb\"},\"inLanguage\":\"it-IT\",\"potentialAction\":[{\"@type\":\"ReadAction\",\"target\":[\"https:\/\/www.fendt-elektrotechnik.de\/index.php\/impressum\/\"]}]},{\"@type\":\"BreadcrumbList\",\"@id\":\"https:\/\/www.fendt-elektrotechnik.de\/index.php\/impressum\/#breadcrumb\",\"itemListElement\":[{\"@type\":\"ListItem\",\"position\":1,\"name\":\"Home\",\"item\":\"https:\/\/www.fendt-elektrotechnik.de\/\"},{\"@type\":\"ListItem\",\"position\":2,\"name\":\"Impressum\"}]},{\"@type\":\"WebSite\",\"@id\":\"https:\/\/www.fendt-elektrotechnik.de\/#website\",\"url\":\"https:\/\/www.fendt-elektrotechnik.de\/\",\"name\":\"Fendt\",\"description\":\"Immer am Puls der Innovation\",\"publisher\":{\"@id\":\"https:\/\/www.fendt-elektrotechnik.de\/#organization\"},\"potentialAction\":[{\"@type\":\"SearchAction\",\"target\":{\"@type\":\"EntryPoint\",\"urlTemplate\":\"https:\/\/www.fendt-elektrotechnik.de\/?s={search_term_string}\"},\"query-input\":{\"@type\":\"PropertyValueSpecification\",\"valueRequired\":true,\"valueName\":\"search_term_string\"}}],\"inLanguage\":\"it-IT\"},{\"@type\":\"Organization\",\"@id\":\"https:\/\/www.fendt-elektrotechnik.de\/#organization\",\"name\":\"Fendt\",\"url\":\"https:\/\/www.fendt-elektrotechnik.de\/\",\"logo\":{\"@type\":\"ImageObject\",\"inLanguage\":\"it-IT\",\"@id\":\"https:\/\/www.fendt-elektrotechnik.de\/#\/schema\/logo\/image\/\",\"url\":\"https:\/\/www.fendt-elektrotechnik.de\/wp-content\/uploads\/2023\/09\/cropped-Progetto-senza-titolo-37-1.png\",\"contentUrl\":\"https:\/\/www.fendt-elektrotechnik.de\/wp-content\/uploads\/2023\/09\/cropped-Progetto-senza-titolo-37-1.png\",\"width\":511,\"height\":171,\"caption\":\"Fendt\"},\"image\":{\"@id\":\"https:\/\/www.fendt-elektrotechnik.de\/#\/schema\/logo\/image\/\"}}]}<\/script>\n<!-- \/ Yoast SEO plugin. -->","yoast_head_json":{"title":"Impressum - Fendt","robots":{"index":"index","follow":"follow","max-snippet":"max-snippet:-1","max-image-preview":"max-image-preview:large","max-video-preview":"max-video-preview:-1"},"canonical":"https:\/\/www.fendt-elektrotechnik.de\/index.php\/impressum\/","og_locale":"it_IT","og_type":"article","og_title":"Impressum - Fendt","og_description":"Impressum Angaben gem\u00e4\u00df \u00a7 5 TMG Fendt Elektrotechnik GmbHMayerweg 11a86399 BobingenDeutschland Vertreten durch:Harald Fendt Kontakt:Telefon: +49 (0) 8234 \/ 966 766-0 E-Mail:\u00a0 service@fendt-elektrotechnik.de Registereintrag Eintragung im HandelsregisterRegistergericht: Amtsgericht AugsburgRegisternummer: HRB 26712 Steuerangaben Steuernummer: 102\/126\/3022 Verantwortlich f\u00fcr den Inhalt nach \u00a7 55 Abs. 2 RStV Fendt Elektrotechnik GmbHMayerweg 11a86399 Bobingen Haftung f\u00fcr Inhalte Als Diensteanbieter sind [&hellip;]","og_url":"https:\/\/www.fendt-elektrotechnik.de\/index.php\/impressum\/","og_site_name":"Fendt","article_modified_time":"2025-12-16T11:25:25+00:00","twitter_card":"summary_large_image","twitter_misc":{"Tempo di lettura stimato":"2 minuti"},"schema":{"@context":"https:\/\/schema.org","@graph":[{"@type":"WebPage","@id":"https:\/\/www.fendt-elektrotechnik.de\/index.php\/impressum\/","url":"https:\/\/www.fendt-elektrotechnik.de\/index.php\/impressum\/","name":"Impressum - Fendt","isPartOf":{"@id":"https:\/\/www.fendt-elektrotechnik.de\/#website"},"datePublished":"2024-06-11T15:35:05+00:00","dateModified":"2025-12-16T11:25:25+00:00","breadcrumb":{"@id":"https:\/\/www.fendt-elektrotechnik.de\/index.php\/impressum\/#breadcrumb"},"inLanguage":"it-IT","potentialAction":[{"@type":"ReadAction","target":["https:\/\/www.fendt-elektrotechnik.de\/index.php\/impressum\/"]}]},{"@type":"BreadcrumbList","@id":"https:\/\/www.fendt-elektrotechnik.de\/index.php\/impressum\/#breadcrumb","itemListElement":[{"@type":"ListItem","position":1,"name":"Home","item":"https:\/\/www.fendt-elektrotechnik.de\/"},{"@type":"ListItem","position":2,"name":"Impressum"}]},{"@type":"WebSite","@id":"https:\/\/www.fendt-elektrotechnik.de\/#website","url":"https:\/\/www.fendt-elektrotechnik.de\/","name":"Fendt","description":"Immer am Puls der Innovation","publisher":{"@id":"https:\/\/www.fendt-elektrotechnik.de\/#organization"},"potentialAction":[{"@type":"SearchAction","target":{"@type":"EntryPoint","urlTemplate":"https:\/\/www.fendt-elektrotechnik.de\/?s={search_term_string}"},"query-input":{"@type":"PropertyValueSpecification","valueRequired":true,"valueName":"search_term_string"}}],"inLanguage":"it-IT"},{"@type":"Organization","@id":"https:\/\/www.fendt-elektrotechnik.de\/#organization","name":"Fendt","url":"https:\/\/www.fendt-elektrotechnik.de\/","logo":{"@type":"ImageObject","inLanguage":"it-IT","@id":"https:\/\/www.fendt-elektrotechnik.de\/#\/schema\/logo\/image\/","url":"https:\/\/www.fendt-elektrotechnik.de\/wp-content\/uploads\/2023\/09\/cropped-Progetto-senza-titolo-37-1.png","contentUrl":"https:\/\/www.fendt-elektrotechnik.de\/wp-content\/uploads\/2023\/09\/cropped-Progetto-senza-titolo-37-1.png","width":511,"height":171,"caption":"Fendt"},"image":{"@id":"https:\/\/www.fendt-elektrotechnik.de\/#\/schema\/logo\/image\/"}}]}},"_links":{"self":[{"href":"https:\/\/www.fendt-elektrotechnik.de\/index.php\/wp-json\/wp\/v2\/pages\/1126","targetHints":{"allow":["GET"]}}],"collection":[{"href":"https:\/\/www.fendt-elektrotechnik.de\/index.php\/wp-json\/wp\/v2\/pages"}],"about":[{"href":"https:\/\/www.fendt-elektrotechnik.de\/index.php\/wp-json\/wp\/v2\/types\/page"}],"author":[{"embeddable":true,"href":"https:\/\/www.fendt-elektrotechnik.de\/index.php\/wp-json\/wp\/v2\/users\/2"}],"replies":[{"embeddable":true,"href":"https:\/\/www.fendt-elektrotechnik.de\/index.php\/wp-json\/wp\/v2\/comments?post=1126"}],"version-history":[{"count":7,"href":"https:\/\/www.fendt-elektrotechnik.de\/index.php\/wp-json\/wp\/v2\/pages\/1126\/revisions"}],"predecessor-version":[{"id":1188,"href":"https:\/\/www.fendt-elektrotechnik.de\/index.php\/wp-json\/wp\/v2\/pages\/1126\/revisions\/1188"}],"wp:attachment":[{"href":"https:\/\/www.fendt-elektrotechnik.de\/index.php\/wp-json\/wp\/v2\/media?parent=1126"}],"curies":[{"name":"wp","href":"https:\/\/api.w.org\/{rel}","templated":true}]}}